{"id":1993,"date":"2018-07-30T09:00:00","date_gmt":"2018-07-30T09:00:00","guid":{"rendered":""},"modified":"2021-11-15T09:01:46","modified_gmt":"2021-11-15T09:01:46","slug":"about-me","status":"publish","type":"page","link":"https:\/\/www.booksandlilies.com\/index.php\/about-me\/","title":{"rendered":"ABOUT&#038;CONTACT"},"content":{"rendered":"<div dir=\"ltr\" style=\"text-align: left;\" trbidi=\"on\">\n<div style=\"text-align: justify;\">\n<div class=\"separator\" style=\"clear: both; text-align: center;\">\n<\/div>\n<div class=\"separator\" style=\"clear: both; text-align: center;\">\n<\/div>\n<div style=\"text-align: center;\">\n&nbsp;<a href=\"https:\/\/1.bp.blogspot.com\/-K0UhSL_THCk\/W17Tl2qXfLI\/AAAAAAAAFrY\/SauhPpRpUFgVW1Q1-xU7GG35ynZZGwLtQCLcBGAs\/s1600\/aleksjulkrop.jpg\" imageanchor=\"1\" style=\"margin-left: 1em; margin-right: 1em; text-align: center;\"><img loading=\"lazy\" decoding=\"async\" border=\"0\" data-original-height=\"1385\" data-original-width=\"1600\" height=\"275\" src=\"https:\/\/www.booksandlilies.com\/wp-content\/uploads\/2018\/07\/aleksjulkrop.jpg\" class=\"wp-image-1994\" width=\"320\" \/><\/a><\/div>\n<div class=\"separator\" style=\"clear: both; text-align: center;\">\n<b style=\"font-family: arial, helvetica, sans-serif;\"><br \/><\/b><\/div>\n<div class=\"separator\" style=\"clear: both; text-align: center;\">\n<b style=\"font-family: arial, helvetica, sans-serif;\">Aleksandra<\/b><\/div>\n<div class=\"separator\" style=\"clear: both; text-align: center;\">\n<b style=\"font-family: arial, helvetica, sans-serif;\"><br \/><\/b><\/div>\n<div style=\"text-align: center;\">\n<span style=\"font-family: &quot;arial&quot; , &quot;helvetica&quot; , sans-serif;\"><i>Books and Lilies<\/i> blog sam stvorila iz \u017eelje da na jednom mestu objedinim i podelim svoje fotografije, misli i utiske, prvenstveno o pro\u010ditanim knjigama, koje \u010dine va\u017ean i drag deo moje svakodnevice. Ljubav prema knjigama je neodvojiv deo moje li\u010dnosti, a ne samo hobi. Ovde \u0107ete tako\u0111e na\u0107i mno\u0161tvo fotografija mesta i de\u0161avanja koje sam posetila, trude\u0107i se da vam prika\u017eem njihovu najlep\u0161u stranu. &nbsp;<\/span><br \/>\n<span style=\"font-family: &quot;arial&quot; , &quot;helvetica&quot; , sans-serif;\"><br \/><\/span><br \/>\n<span style=\"font-family: &quot;arial&quot; , &quot;helvetica&quot; , sans-serif;\">Baza: Beograd, Srbija<\/span><\/div>\n<div style=\"text-align: center;\">\n<span style=\"font-family: &quot;arial&quot; , &quot;helvetica&quot; , sans-serif;\">Kontakt<\/span>:&nbsp;<span style=\"font-family: &quot;arial&quot; , &quot;helvetica&quot; , sans-serif; text-align: center;\">&nbsp;<\/span><span style=\"background-color: #f4cccc; font-family: &quot;arial&quot; , &quot;helvetica&quot; , sans-serif; text-align: center;\">booksandliliesblog@gmail.com<\/span><\/div>\n<p><\/p>\n<div style=\"text-align: center;\">\n<span style=\"font-family: &quot;arial&quot; , &quot;helvetica&quot; , sans-serif;\"><br \/><\/span><\/div>\n<div style=\"text-align: center;\">\n<span style=\"font-family: &quot;arial&quot; , &quot;helvetica&quot; , sans-serif;\">Hvala na \u010ditanju.<\/span><\/div>\n<\/div>\n<\/div>\n","protected":false},"excerpt":{"rendered":"<p>&nbsp; Aleksandra Books and Lilies blog sam stvorila iz \u017eelje da na jednom mestu objedinim i podelim svoje fotografije, misli i utiske, prvenstveno o pro\u010ditanim knjigama, koje \u010dine va\u017ean i drag deo moje svakodnevice. Ljubav prema knjigama je neodvojiv deo moje li\u010dnosti, a ne samo hobi. Ovde \u0107ete tako\u0111e na\u0107i mno\u0161tvo fotografija mesta i de\u0161avanja&#8230;<\/p>\n","protected":false},"author":2,"featured_media":0,"parent":0,"menu_order":0,"comment_status":"closed","ping_status":"closed","template":"","meta":{"_mi_skip_tracking":false,"_monsterinsights_sitenote_active":false,"_monsterinsights_sitenote_note":"","_monsterinsights_sitenote_category":0,"footnotes":""},"class_list":["post-1993","page","type-page","status-publish","hentry"],"_links":{"self":[{"href":"https:\/\/www.booksandlilies.com\/index.php\/wp-json\/wp\/v2\/pages\/1993","targetHints":{"allow":["GET"]}}],"collection":[{"href":"https:\/\/www.booksandlilies.com\/index.php\/wp-json\/wp\/v2\/pages"}],"about":[{"href":"https:\/\/www.booksandlilies.com\/index.php\/wp-json\/wp\/v2\/types\/page"}],"author":[{"embeddable":true,"href":"https:\/\/www.booksandlilies.com\/index.php\/wp-json\/wp\/v2\/users\/2"}],"replies":[{"embeddable":true,"href":"https:\/\/www.booksandlilies.com\/index.php\/wp-json\/wp\/v2\/comments?post=1993"}],"version-history":[{"count":0,"href":"https:\/\/www.booksandlilies.com\/index.php\/wp-json\/wp\/v2\/pages\/1993\/revisions"}],"wp:attachment":[{"href":"https:\/\/www.booksandlilies.com\/index.php\/wp-json\/wp\/v2\/media?parent=1993"}],"curies":[{"name":"wp","href":"https:\/\/api.w.org\/{rel}","templated":true}]}}